{"id":20,"date":"2024-07-24T17:46:39","date_gmt":"2024-07-24T17:46:39","guid":{"rendered":"https:\/\/penamora.es\/penamora\/?page_id=20"},"modified":"2025-10-24T08:32:07","modified_gmt":"2025-10-24T08:32:07","slug":"contacto","status":"publish","type":"page","link":"https:\/\/penamora.es\/penamora\/index.php\/contacto\/","title":{"rendered":"CONTACTO"},"content":{"rendered":"\n<div class=\"wp-block-buttons is-content-justification-center is-layout-flex wp-container-core-buttons-is-layout-31558199 wp-block-buttons-is-layout-flex\" style=\"margin-top:var(--wp--preset--spacing--70);margin-bottom:var(--wp--preset--spacing--70)\">\n<div class=\"wp-block-button is-style-outline is-style-outline--1\"><a class=\"wp-block-button__link has-white-color has-custom-color-1-background-color has-text-color has-background has-link-color has-large-font-size has-text-align-center has-custom-font-size wp-element-button\" href=\"https:\/\/penamora.es\/penamora\/index.php\/reservar-casa-rural-penamora\/\" style=\"border-style:none;border-width:0px;border-radius:9px;padding-top:var(--wp--preset--spacing--40);padding-right:var(--wp--preset--spacing--70);padding-bottom:var(--wp--preset--spacing--40);padding-left:var(--wp--preset--spacing--70)\">LINK A RESERVAS<\/a><\/div>\n<\/div>\n\n\n\n<div class=\"wp-block-columns is-layout-flex wp-container-core-columns-is-layout-f20ae673 wp-block-columns-is-layout-flex\" style=\"margin-top:0;margin-bottom:0\">\n<div class=\"wp-block-column is-layout-flow wp-container-core-column-is-layout-a389de82 wp-block-column-is-layout-flow\" style=\"padding-top:var(--wp--preset--spacing--20);padding-bottom:var(--wp--preset--spacing--20)\">\n<div class=\"wp-block-contact-form-7-contact-form-selector\">\n<div class=\"wpcf7 no-js\" id=\"wpcf7-f5-o1\" lang=\"es-ES\" dir=\"ltr\" data-wpcf7-id=\"5\">\n<div class=\"screen-reader-response\"><p role=\"status\" aria-live=\"polite\" aria-atomic=\"true\"><\/p> <ul><\/ul><\/div>\n<form action=\"\/penamora\/index.php\/wp-json\/wp\/v2\/pages\/20#wpcf7-f5-o1\" method=\"post\" class=\"wpcf7-form init\" aria-label=\"Formulario de contacto\" novalidate=\"novalidate\" data-status=\"init\">\n<fieldset class=\"hidden-fields-container\"><input type=\"hidden\" name=\"_wpcf7\" value=\"5\" \/><input type=\"hidden\" name=\"_wpcf7_version\" value=\"6.1.5\" \/><input type=\"hidden\" name=\"_wpcf7_locale\" value=\"es_ES\" \/><input type=\"hidden\" name=\"_wpcf7_unit_tag\" value=\"wpcf7-f5-o1\" \/><input type=\"hidden\" name=\"_wpcf7_container_post\" value=\"0\" \/><input type=\"hidden\" name=\"_wpcf7_posted_data_hash\" value=\"\" \/>\n<\/fieldset>\n<p><label> Tu nombre<br \/>\n<span class=\"wpcf7-form-control-wrap\" data-name=\"nombre\"><input size=\"40\" maxlength=\"400\" class=\"wpcf7-form-control wpcf7-text wpcf7-validates-as-required\" aria-required=\"true\" aria-invalid=\"false\" placeholder=\"Escribe tu nombre\" value=\"\" type=\"text\" name=\"nombre\" \/><\/span> <\/label>\n<\/p>\n<p><label> Tu correo electr\u00f3nico<br \/>\n<span class=\"wpcf7-form-control-wrap\" data-name=\"your-email\"><input size=\"40\" maxlength=\"400\" class=\"wpcf7-form-control wpcf7-email wpcf7-validates-as-required wpcf7-text wpcf7-validates-as-email\" autocomplete=\"email\" aria-required=\"true\" aria-invalid=\"false\" placeholder=\"Escribe tu email\" value=\"\" type=\"email\" name=\"your-email\" \/><\/span> <\/label>\n<\/p>\n<p><label> Asunto<br \/>\n<span class=\"wpcf7-form-control-wrap\" data-name=\"your-subject\"><input size=\"40\" maxlength=\"400\" class=\"wpcf7-form-control wpcf7-text wpcf7-validates-as-required\" aria-required=\"true\" aria-invalid=\"false\" placeholder=\"Escribe tu asunto\" value=\"\" type=\"text\" name=\"your-subject\" \/><\/span> <\/label>\n<\/p>\n<p><label> Tu mensaje<br \/>\n<span class=\"wpcf7-form-control-wrap\" data-name=\"your-message\"><textarea cols=\"40\" rows=\"10\" maxlength=\"2000\" class=\"wpcf7-form-control wpcf7-textarea wpcf7-validates-as-required\" aria-required=\"true\" aria-invalid=\"false\" placeholder=\"Escribe tu mensaje\" name=\"your-message\"><\/textarea><\/span> <\/label><br \/>\n<label><span class=\"wpcf7-form-control-wrap\" data-name=\"quiz-393\"><label><span class=\"wpcf7-quiz-label\">\u00bfCu\u00e1l es la capital de Espa\u00f1a?<\/span> <input size=\"40\" class=\"wpcf7-form-control wpcf7-quiz\" autocomplete=\"off\" aria-required=\"true\" aria-invalid=\"false\" type=\"text\" name=\"quiz-393\" \/><\/label><input type=\"hidden\" name=\"_wpcf7_quiz_answer_quiz-393\" value=\"ea767e3ed1f6fffdb4fddde7fb05945a\" \/><\/span><\/label>\n<\/p>\n<p><input class=\"wpcf7-form-control wpcf7-submit has-spinner\" type=\"submit\" value=\"Enviar\" \/>\n<\/p><div class=\"wpcf7-response-output\" aria-hidden=\"true\"><\/div>\n<\/form>\n<\/div>\n<\/div>\n\n\n\n<hr class=\"wp-block-separator aligncenter has-alpha-channel-opacity is-style-default\" style=\"margin-top:var(--wp--preset--spacing--60);margin-bottom:var(--wp--preset--spacing--60)\"\/>\n\n\n\n<figure class=\"wp-block-image size-full is-resized has-custom-border wp-duotone-rgb11610378-rgb255255255-2\"><img loading=\"lazy\" decoding=\"async\" width=\"1024\" height=\"683\" src=\"https:\/\/penamora.es\/penamora\/wp-content\/uploads\/2024\/08\/MG_7383.jpg\" alt=\"\" class=\"has-border-color wp-image-78\" style=\"border-color:#b3b78d;border-width:8px;border-radius:0px;width:453px;height:auto\" srcset=\"https:\/\/penamora.es\/penamora\/wp-content\/uploads\/2024\/08\/MG_7383.jpg 1024w, https:\/\/penamora.es\/penamora\/wp-content\/uploads\/2024\/08\/MG_7383-300x200.jpg 300w, https:\/\/penamora.es\/penamora\/wp-content\/uploads\/2024\/08\/MG_7383-768x512.jpg 768w\" sizes=\"auto, (max-width: 1024px) 100vw, 1024px\" \/><\/figure>\n<\/div>\n\n\n\n<div class=\"wp-block-column is-layout-flow wp-container-core-column-is-layout-b2a27621 wp-block-column-is-layout-flow\" style=\"padding-top:0;padding-right:0;padding-bottom:0;padding-left:0\">\n<iframe src=\"https:\/\/www.google.com\/maps\/embed?pb=!1m18!1m12!1m3!1d3005.5669440193033!2d-4.36686158899614!3d41.1221479712151!2m3!1f0!2f0!3f0!3m2!1i1024!2i768!4f13.1!3m3!1m2!1s0xd412a28df4cf60b%3A0x848f5cf7365c1675!2sCasa%20Rural%20Pe%C3%B1amora!5e0!3m2!1ses!2ses!4v1722853121962!5m2!1ses!2ses\" width=\"600\" height=\"450\" style=\"border:0;\" allowfullscreen=\"\" loading=\"lazy\" referrerpolicy=\"no-referrer-when-downgrade\"><\/iframe>\n\n\n\n<p><\/p>\n\n\n\n<h2 class=\"wp-block-heading has-text-align-center has-custom-color-2-color has-text-color has-link-color wp-elements-ecec529073dc2285890529dfe0328232\" style=\"margin-top:var(--wp--preset--spacing--40);margin-bottom:var(--wp--preset--spacing--40)\"><strong>INDICACIONES<\/strong><\/h2>\n\n\n\n<p><\/p>\n\n\n\n<p><\/p>\n\n\n\n<p><strong>Direcci\u00f3n:<\/strong>\u00a0C\/ Nava &#8211;\u00a0<a href=\"https:\/\/www.escapadarural.com\/casas-rurales\/miguelanez\">Miguel\u00e1\u00f1ez<\/a>\u00a0(<a href=\"https:\/\/www.escapadarural.com\/casas-rurales\/segovia\">Segovia<\/a>)<\/p>\n\n\n\n<p><strong>Coordenadas:<\/strong>&nbsp;Latitud 41.122138118791 &#8211; Longitud -4.364266238098<\/p>\n\n\n\n<p><strong>Aclaraciones:<\/strong><\/p>\n\n\n\n<p>1. Sal\u00eds de madrid por la a-6, y tras el t\u00fanel de guadarrama cog\u00e9is la ap-61, que abandon\u00e1is en la salida que pone otero de herreros<\/p>\n\n\n\n<p>2. Tras abandonar la autopista, gir\u00e1is a la izquierda, direcci\u00f3n segovia, por la n-603. En la primera rotonda, tom\u00e1is la salida de la carretera que pone sg-722, direcci\u00f3n vegas de matute<\/p>\n\n\n\n<p>3. Atenci\u00f3n!!!: seguid recto por esta carretera, que se convierte, sin darse cuenta uno en la sg 723. No tomeis el desv\u00edo a vegas de matute<\/p>\n\n\n\n<p>4. De acuerdo, seguimos avanzando, y como a unos 7 km nos cruzamos con la n-110. Cruzamos esta carretera (con cuidado) y seguimos direcci\u00f3n abades<\/p>\n\n\n\n<p>5. Cruzamos abades, y seguimos recto, hacia mart\u00edn miguel, que dejaremos a la izquierda, y garcill\u00e1n, donde muere esta carretera en una incorporaci\u00f3n a la cl-605, que tomareis hacia la izquierda, direcci\u00f3n santa mar\u00eda la real de nieva<\/p>\n\n\n\n<p>6. Cuando llegu\u00e9is a santa mar\u00eda, y tras pasar el sem\u00e1foro que siempre (es un misterio) est\u00e1 en rojo, en la plaza del pueblo gir\u00e1is a la derecha, direcci\u00f3n ortigosa de pesta\u00f1o y miguela\u00f1ez<\/p>\n\n\n\n<p>7. Atraves\u00e1is ortigosa de pesta\u00f1o, seguid todo recto (no desviarse a miguel iba\u00f1ez), y como a 5 km de ortigosa lleg\u00e1is a miguela\u00f1ez<\/p>\n\n\n\n<p class=\"has-black-color has-text-color has-link-color wp-elements-34411c513e20afe95fb66bc48dc311f7\">8. Segu\u00eds por la misma carreta, que atraviesa el pueblo, donde ver\u00e9is una calle estrecha que sale a la izquierda que pone nava de la asunci\u00f3n. No la tom\u00e1is, segu\u00eds, y cuando casi a la salida del pueblo veis a mano izquierda otra calle m\u00e1s ancha que la anterior que tamnbi\u00e9n pone nava de la asunci\u00f3n, esta vez si la tom\u00e1is, y gir\u00e1is inmediatamente a la izquierda otra vez por la primera boca calle. Llegareis justo a la parte de atr\u00e1s de la iglesia, donde ver\u00e9is una casa de piedra grande, no tiene p\u00e9rdida, situada a espaldas de la iglesia. Hab\u00e9is llegado!<\/p>\n<\/div>\n<\/div>\n","protected":false},"excerpt":{"rendered":"<p>INDICACIONES Direcci\u00f3n:\u00a0C\/ Nava &#8211;\u00a0Miguel\u00e1\u00f1ez\u00a0(Segovia) Coordenadas:&nbsp;Latitud 41.122138118791 &#8211; Longitud -4.364266238098 Aclaraciones: 1. Sal\u00eds de madrid por la a-6, y tras el t\u00fanel de guadarrama cog\u00e9is la ap-61, que abandon\u00e1is en la salida que pone otero de herreros 2. Tras abandonar la autopista, gir\u00e1is a la izquierda, direcci\u00f3n segovia, por la n-603. En la primera rotonda, tom\u00e1is [&hellip;]<\/p>\n","protected":false},"author":1,"featured_media":0,"parent":0,"menu_order":0,"comment_status":"closed","ping_status":"closed","template":"","meta":{"footnotes":""},"class_list":["post-20","page","type-page","status-publish","hentry"],"_links":{"self":[{"href":"https:\/\/penamora.es\/penamora\/index.php\/wp-json\/wp\/v2\/pages\/20","targetHints":{"allow":["GET"]}}],"collection":[{"href":"https:\/\/penamora.es\/penamora\/index.php\/wp-json\/wp\/v2\/pages"}],"about":[{"href":"https:\/\/penamora.es\/penamora\/index.php\/wp-json\/wp\/v2\/types\/page"}],"author":[{"embeddable":true,"href":"https:\/\/penamora.es\/penamora\/index.php\/wp-json\/wp\/v2\/users\/1"}],"replies":[{"embeddable":true,"href":"https:\/\/penamora.es\/penamora\/index.php\/wp-json\/wp\/v2\/comments?post=20"}],"version-history":[{"count":9,"href":"https:\/\/penamora.es\/penamora\/index.php\/wp-json\/wp\/v2\/pages\/20\/revisions"}],"predecessor-version":[{"id":164,"href":"https:\/\/penamora.es\/penamora\/index.php\/wp-json\/wp\/v2\/pages\/20\/revisions\/164"}],"wp:attachment":[{"href":"https:\/\/penamora.es\/penamora\/index.php\/wp-json\/wp\/v2\/media?parent=20"}],"curies":[{"name":"wp","href":"https:\/\/api.w.org\/{rel}","templated":true}]}}