{"id":16,"date":"2024-07-04T12:21:17","date_gmt":"2024-07-04T12:21:17","guid":{"rendered":"https:\/\/penamora.es\/tiamatea\/?page_id=16"},"modified":"2024-07-10T17:57:32","modified_gmt":"2024-07-10T17:57:32","slug":"el-entorno","status":"publish","type":"page","link":"https:\/\/penamora.es\/tiamatea\/index.php\/el-entorno\/","title":{"rendered":"EL ENTORNO"},"content":{"rendered":"\n<style>\n\t#hotspot-299 .hotspots-image-container,\n\t#hotspot-299 .leaflet-container {\n\t\tbackground: #fffcf0\t}\n\n\t#hotspot-299 .hotspots-placeholder {\n\t\tbackground: #fffcf0;\n\t\tborder: 0 #fffcf0 solid;\n\t\tcolor: #555b00;\n\t}\n\n\t#hotspot-299 .hotspot-title {\n\t\tcolor: #8e9b44;\n\t}\n\n\t\t\t#hotspot-299 .hotspot-default {\n\t\t\tstroke-width: 1;\n\t\t\tfill: #ffffff;\n\t\t\tfill-opacity: 0;\n\t\t\tstroke: #ffffff;\n\t\t\tstroke-opacity: 0;\n\t\t}\n\t\t#hotspot-299 .hotspot-default:hover,\n\t\t#hotspot-299 .hotspot-default:focus-visible,\n\t\t#hotspot-299 .hotspot-default.hotspot-active {\n\t\t\tfill: #222222;\n\t\t\tfill-opacity: 0.81;\n\t\t\tstroke: #000000;\n\t\t\tstroke-opacity: 0.81;\n\t\t}\n\t\t#hotspot-299 .leaflet-tooltip,\n\t#hotspot-299 .leaflet-rrose-content-wrapper {\n\t\tbackground: #fffcf0;\n\t\tborder-color: #fffcf0;\n\t\tcolor: #555b00;\n\t}\n\n\t#hotspot-299 a.leaflet-rrose-close-button {\n\t\tcolor: #8e9b44;\n\t}\n\n\t#hotspot-299 .leaflet-rrose-tip {\n\t\tbackground: #fffcf0;\n\t}\n\n\t#hotspot-299 .leaflet-popup-scrolled {\n\t\tborder-bottom-color: #555b00;\n\t\tborder-top-color: #555b00;\n\t}\n\n\t#hotspot-299 .leaflet-tooltip-top:before {\n\t\tborder-top-color: #fffcf0;\n\t}\n\n\t#hotspot-299 .leaflet-tooltip-bottom:before {\n\t\tborder-bottom-color: #fffcf0;\n\t}\n\t#hotspot-299 .leaflet-tooltip-left:before {\n\t\tborder-left-color: #fffcf0;\n\t}\n\t#hotspot-299 .leaflet-tooltip-right:before {\n\t\tborder-right-color: #fffcf0;\n\t}\n<\/style>\n\n\t\n\t<div class=\"hotspots-container  layout-left event-click\" id=\"hotspot-299\" data-layout=\"left\" data-trigger=\"click\">\n\t\t<div class=\"hotspots-interaction\">\n\t\t\t\t<div class=\"hotspots-placeholder\" id=\"content-hotspot-299\">\n\t\t<div class=\"hotspot-initial\">\n\t\t\t\t\t\t\t\t\t<h2 class=\"hotspot-title\">\n\t\t\t\tMapa Segovia\t\t\t<\/h2>\n\t\t\t\t\t\t<div class=\"hotspot-content\">\n\t\t\t\t\t\t\t\t\t<p>Selecciona una visita.<\/p>\n\t\t\t\t\t\t\t<\/div>\n\t\t<\/div>\n\t<\/div>\n<div class=\"hotspots-image-container\">\n\t<img\n\t\twidth=\"526\"\n\t\theight=\"595\"\n\t\tsrc=\"https:\/\/penamora.es\/tiamatea\/wp-content\/uploads\/2024\/07\/segovia_Mesa-de-trabajo-1-1-e1720636464724.jpg\"\n\t\talt=\"Mapa Segovia\"\n\t\tclass=\"hotspots-image skip-lazy\"\n\t\tusemap=\"#hotspots-image-299\"\n\t\tdata-image-title=\"Mapa Segovia\"\n\t\tdata-image-description=\"Selecciona una visita.\"\n\t\tdata-event-trigger=\"click\"\n\t\tdata-always-visible=\"false\"\n\t\tdata-id=\"299\"\n\t\tdata-no-lazy=\"1\"\n\t\tdata-lazy-src=\"\"\n\t\tdata-lazy=\"false\"\n\t\tloading=\"eager\"\n\t\tdata-skip-lazy=\"1\"\n\t\t>\n<\/div>\t\t<\/div>\n\t\t<map name=\"hotspots-image-299\" class=\"hotspots-map\">\n\t\t\t\t\t\t\t\t\t\t\t<area\n\t\t\t\t\tshape=\"circle\"\n\t\t\t\t\tcoords=\"242,304,13\"\n\t\t\t\t\thref=\"#hotspot-hotspot-299-0\"\n\t\t\t\t\trel=\"\"\n\t\t\t\t\ttitle=\"Casa de la T\u00eda Matea\"\n\t\t\t\t\talt=\"Casa de la T\u00eda Matea\"\n\t\t\t\t\tdata-action=\"\"\n\t\t\t\t\tdata-color-scheme=\"\"\n\t\t\t\t\ttarget=\"\"\n\t\t\t\t\tclass=\"more-info-area\"\n\t\t\t\t\t>\n\t\t\t\t\t\t\t\t\t\t\t<area\n\t\t\t\t\tshape=\"circle\"\n\t\t\t\t\tcoords=\"233,239,14\"\n\t\t\t\t\thref=\"#hotspot-hotspot-299-1\"\n\t\t\t\t\trel=\"\"\n\t\t\t\t\ttitle=\"El Castillo de Coca\"\n\t\t\t\t\talt=\"El Castillo de Coca\"\n\t\t\t\t\tdata-action=\"\"\n\t\t\t\t\tdata-color-scheme=\"\"\n\t\t\t\t\ttarget=\"\"\n\t\t\t\t\tclass=\"more-info-area\"\n\t\t\t\t\t>\n\t\t\t\t\t\t\t\t\t\t\t<area\n\t\t\t\t\tshape=\"circle\"\n\t\t\t\t\tcoords=\"298,138,14\"\n\t\t\t\t\thref=\"#hotspot-hotspot-299-2\"\n\t\t\t\t\trel=\"\"\n\t\t\t\t\ttitle=\"Cuellar\"\n\t\t\t\t\talt=\"Cuellar\"\n\t\t\t\t\tdata-action=\"\"\n\t\t\t\t\tdata-color-scheme=\"\"\n\t\t\t\t\ttarget=\"\"\n\t\t\t\t\tclass=\"more-info-area\"\n\t\t\t\t\t>\n\t\t\t\t\t\t\t\t\t\t\t<area\n\t\t\t\t\tshape=\"circle\"\n\t\t\t\t\tcoords=\"85,165,11\"\n\t\t\t\t\thref=\"#hotspot-hotspot-299-3\"\n\t\t\t\t\trel=\"\"\n\t\t\t\t\ttitle=\"Olmedo\"\n\t\t\t\t\talt=\"Olmedo\"\n\t\t\t\t\tdata-action=\"\"\n\t\t\t\t\tdata-color-scheme=\"\"\n\t\t\t\t\ttarget=\"\"\n\t\t\t\t\tclass=\"more-info-area\"\n\t\t\t\t\t>\n\t\t\t\t\t\t\t\t\t\t\t<area\n\t\t\t\t\tshape=\"circle\"\n\t\t\t\t\tcoords=\"331,448,13\"\n\t\t\t\t\thref=\"#hotspot-hotspot-299-4\"\n\t\t\t\t\trel=\"\"\n\t\t\t\t\ttitle=\"Segovia\"\n\t\t\t\t\talt=\"Segovia\"\n\t\t\t\t\tdata-action=\"\"\n\t\t\t\t\tdata-color-scheme=\"\"\n\t\t\t\t\ttarget=\"\"\n\t\t\t\t\tclass=\"more-info-area\"\n\t\t\t\t\t>\n\t\t\t\t\t\t\t\t\t\t\t<area\n\t\t\t\t\tshape=\"circle\"\n\t\t\t\t\tcoords=\"30,326,12\"\n\t\t\t\t\thref=\"#hotspot-hotspot-299-5\"\n\t\t\t\t\trel=\"\"\n\t\t\t\t\ttitle=\"Ar\u00e9valo\"\n\t\t\t\t\talt=\"Ar\u00e9valo\"\n\t\t\t\t\tdata-action=\"\"\n\t\t\t\t\tdata-color-scheme=\"\"\n\t\t\t\t\ttarget=\"\"\n\t\t\t\t\tclass=\"more-info-area\"\n\t\t\t\t\t>\n\t\t\t\t\t\t\t\t\t\t\t<area\n\t\t\t\t\tshape=\"circle\"\n\t\t\t\t\tcoords=\"214,367,13\"\n\t\t\t\t\thref=\"#hotspot-hotspot-299-6\"\n\t\t\t\t\trel=\"\"\n\t\t\t\t\ttitle=\"Santa Mar\u00eda La Real de Nieva\"\n\t\t\t\t\talt=\"Santa Mar\u00eda La Real de Nieva\"\n\t\t\t\t\tdata-action=\"\"\n\t\t\t\t\tdata-color-scheme=\"\"\n\t\t\t\t\ttarget=\"\"\n\t\t\t\t\tclass=\"more-info-area\"\n\t\t\t\t\t>\n\t\t\t\t\t<\/map>\n\n\t\t\n\t\t\t\t\t\n\t\t\t\t\t\t<div class=\"hotspot-info \" id=\"hotspot-hotspot-299-0\">\n\t\t\t\t\n\t\t\t\t<h2 class=\"hotspot-title\">Casa de la T\u00eda Matea<\/h2>\t\t\t\t\t\t\t\t\t<div class=\"hotspot-thumb\">\n\t\t\t\t\t\t<img loading=\"lazy\" decoding=\"async\" width=\"120\" height=\"209\" src=\"https:\/\/penamora.es\/tiamatea\/wp-content\/uploads\/2024\/07\/Escudo_de_Miguelanez.svg_-e1720509509912.png\" class=\"attachment-large size-large\" alt=\"\" \/>\t\t\t\t\t<\/div>\n\t\t\t\t\t\t\t\t<div class=\"hotspot-content\">\n\t\t\t\t\t<p><strong>Miguel\u00e1\u00f1ez<\/strong>\u00a0es un\u00a0<a href=\"https:\/\/es.wikipedia.org\/wiki\/Municipio_(Espa%C3%B1a)\">municipio<\/a>\u00a0y localidad\u00a0<a href=\"https:\/\/es.wikipedia.org\/wiki\/Espa%C3%B1a\">espa\u00f1ola<\/a>\u00a0de la\u00a0<a href=\"https:\/\/es.wikipedia.org\/wiki\/Provincia_de_Segovia\">provincia de Segovia<\/a>, en la comunidad aut\u00f3noma de\u00a0<a href=\"https:\/\/es.wikipedia.org\/wiki\/Castilla_y_Le%C3%B3n\">Castilla y Le\u00f3n<\/a>. El municipio cuenta con una poblaci\u00f3n de 131 habitantes.<\/p>\n<p><img decoding=\"async\" class=\"aligncenter\" src=\"https:\/\/penamora.es\/tiamatea\/wp-content\/uploads\/2024\/07\/miguelanez.jpg\" \/><\/p>\n\t\t\t\t<\/div>\n\t\t\t<\/div>\n\t\t\t\t\t\n\t\t\t\t\t\t<div class=\"hotspot-info \" id=\"hotspot-hotspot-299-1\">\n\t\t\t\t\n\t\t\t\t<h2 class=\"hotspot-title\">El Castillo de Coca<\/h2>\t\t\t\t\t\t\t\t\t<div class=\"hotspot-thumb\">\n\t\t\t\t\t\t<img loading=\"lazy\" decoding=\"async\" width=\"604\" height=\"270\" src=\"https:\/\/penamora.es\/tiamatea\/wp-content\/uploads\/2024\/07\/castillo-de-la-coca-604x270-1.jpg\" class=\"attachment-large size-large\" alt=\"\" srcset=\"https:\/\/penamora.es\/tiamatea\/wp-content\/uploads\/2024\/07\/castillo-de-la-coca-604x270-1.jpg 604w, https:\/\/penamora.es\/tiamatea\/wp-content\/uploads\/2024\/07\/castillo-de-la-coca-604x270-1-300x134.jpg 300w\" sizes=\"auto, (max-width: 604px) 100vw, 604px\" \/>\t\t\t\t\t<\/div>\n\t\t\t\t\t\t\t\t<div class=\"hotspot-content\">\n\t\t\t\t\t<p>El\u00a0<strong>castillo de Coca<\/strong>\u00a0es una fortificaci\u00f3n de la localidad de\u00a0<a href=\"https:\/\/es.wikipedia.org\/wiki\/Coca_(Segovia)\">Coca<\/a>\u00a0(<a href=\"https:\/\/es.wikipedia.org\/wiki\/Provincia_de_Segovia\">Segovia<\/a>,\u00a0<a href=\"https:\/\/es.wikipedia.org\/wiki\/Castilla_y_Le%C3%B3n\">Castilla y Le\u00f3n<\/a>); fue construido en el siglo\u00a0xv\u00a0y est\u00e1 considerado una de las mejores muestras del\u00a0<a href=\"https:\/\/es.wikipedia.org\/wiki\/Arquitectura_g%C3%B3tica\">g\u00f3tico<\/a>&#8211;<a href=\"https:\/\/es.wikipedia.org\/wiki\/Arte_mud%C3%A9jar\">mud\u00e9jar<\/a> espa\u00f1ol.<\/p>\n<p><a href=\"https:\/\/maps.app.goo.gl\/tfEFpC5TmyZj3XMw7\" target=\"_blank\" rel=\"noopener\"><button>Como llegar<\/button><br \/>\n<\/a><\/p>\n\t\t\t\t<\/div>\n\t\t\t<\/div>\n\t\t\t\t\t\n\t\t\t\t\t\t<div class=\"hotspot-info \" id=\"hotspot-hotspot-299-2\">\n\t\t\t\t\n\t\t\t\t<h2 class=\"hotspot-title\">Cuellar<\/h2>\t\t\t\t\t\t\t\t\t<div class=\"hotspot-thumb\">\n\t\t\t\t\t\t<img loading=\"lazy\" decoding=\"async\" width=\"259\" height=\"194\" src=\"https:\/\/penamora.es\/tiamatea\/wp-content\/uploads\/2024\/07\/download.jpg\" class=\"attachment-large size-large\" alt=\"\" \/>\t\t\t\t\t<\/div>\n\t\t\t\t\t\t\t\t<div class=\"hotspot-content\">\n\t\t\t\t\t<p>El Castillo de Cu\u00e9llar o Castillo de los Duques de Alburquerque es el monumento m\u00e1s emblem\u00e1tico de la villa de Cu\u00e9llar,1\u200b2\u200b provincia de Segovia, comunidad aut\u00f3noma de Castilla y Le\u00f3n, Espa\u00f1a.<\/p>\n<p>Est\u00e1 bien conservado y se compone de una mezcla de distintos estilos arquitect\u00f3nicos, que abarcan desde el siglo xiii al xviii, aunque predominan el g\u00f3tico y el renacentista.<\/p>\n<p><a href=\"https:\/\/maps.app.goo.gl\/gzZBFTmuq592nbut9\" target=\"_blank\" rel=\"noopener\"><br \/>\n<button>Como llegar<\/button><br \/>\n<\/a><\/p>\n\t\t\t\t<\/div>\n\t\t\t<\/div>\n\t\t\t\t\t\n\t\t\t\t\t\t<div class=\"hotspot-info \" id=\"hotspot-hotspot-299-3\">\n\t\t\t\t\n\t\t\t\t<h2 class=\"hotspot-title\">Olmedo<\/h2>\t\t\t\t\t\t\t\t\t<div class=\"hotspot-thumb\">\n\t\t\t\t\t\t<img loading=\"lazy\" decoding=\"async\" width=\"300\" height=\"221\" src=\"https:\/\/penamora.es\/tiamatea\/wp-content\/uploads\/2024\/07\/2635-Olmedo_Valladolid-300x221-1.jpg\" class=\"attachment-large size-large\" alt=\"\" \/>\t\t\t\t\t<\/div>\n\t\t\t\t\t\t\t\t<div class=\"hotspot-content\">\n\t\t\t\t\t<p>Olmedo\u00a0es un\u00a0<a href=\"https:\/\/es.wikipedia.org\/wiki\/Municipio_(Espa%C3%B1a)\">municipio<\/a>\u00a0y localidad\u00a0<a href=\"https:\/\/es.wikipedia.org\/wiki\/Espa%C3%B1a\">espa\u00f1ola<\/a>\u00a0de la\u00a0<a href=\"https:\/\/es.wikipedia.org\/wiki\/Provincia_de_Valladolid\">provincia de Valladolid<\/a>, en la comunidad aut\u00f3noma de\u00a0<a href=\"https:\/\/es.wikipedia.org\/wiki\/Castilla_y_Le%C3%B3n\">Castilla y Le\u00f3n<\/a>.<\/p>\n<p><!-- wp:paragraph --> <!-- \/wp:paragraph --> <!-- wp:paragraph --> <!-- \/wp:paragraph --><\/p>\n<p>El centro del pueblo y su muralla, mudejar, merecen la pena.<\/p>\n<p><a href=\"https:\/\/maps.app.goo.gl\/JfUasHSaimeyakwr8\" target=\"_blank\" rel=\"noopener\"><button>Como llegar<\/button><br \/>\n<\/a><\/p>\n\t\t\t\t<\/div>\n\t\t\t<\/div>\n\t\t\t\t\t\n\t\t\t\t\t\t<div class=\"hotspot-info \" id=\"hotspot-hotspot-299-4\">\n\t\t\t\t\n\t\t\t\t<h2 class=\"hotspot-title\">Segovia<\/h2>\t\t\t\t\t\t\t\t\t<div class=\"hotspot-thumb\">\n\t\t\t\t\t\t<img loading=\"lazy\" decoding=\"async\" width=\"300\" height=\"200\" src=\"https:\/\/penamora.es\/tiamatea\/wp-content\/uploads\/2024\/07\/dbdad79384321bbb817b19bfd00b5caf-300x200-1.jpg\" class=\"attachment-large size-large\" alt=\"\" \/>\t\t\t\t\t<\/div>\n\t\t\t\t\t\t\t\t<div class=\"hotspot-content\">\n\t\t\t\t\t<p>Segovia (a 35 km): El Acueducto, el Alc\u00e1zar, la Catedral, y un sinf\u00edn de rincones secretos a los pies de La Mujer Muerta y la Sierra del Guadarrama.<\/p>\n<p><a href=\"https:\/\/maps.app.goo.gl\/uSkRxkMbp7xfhgww9\" target=\"_blank\" rel=\"noopener\"><button>Como llegar<\/button><br \/>\n<\/a><\/p>\n\t\t\t\t<\/div>\n\t\t\t<\/div>\n\t\t\t\t\t\n\t\t\t\t\t\t<div class=\"hotspot-info \" id=\"hotspot-hotspot-299-5\">\n\t\t\t\t\n\t\t\t\t<h2 class=\"hotspot-title\">Ar\u00e9valo<\/h2>\t\t\t\t\t\t\t\t\t<div class=\"hotspot-thumb\">\n\t\t\t\t\t\t<img loading=\"lazy\" decoding=\"async\" width=\"1024\" height=\"685\" src=\"https:\/\/penamora.es\/tiamatea\/wp-content\/uploads\/2024\/07\/Arevalo_Castillo_01_by-dpc-1024x685.jpg\" class=\"attachment-large size-large\" alt=\"\" srcset=\"https:\/\/penamora.es\/tiamatea\/wp-content\/uploads\/2024\/07\/Arevalo_Castillo_01_by-dpc-1024x685.jpg 1024w, https:\/\/penamora.es\/tiamatea\/wp-content\/uploads\/2024\/07\/Arevalo_Castillo_01_by-dpc-300x201.jpg 300w, https:\/\/penamora.es\/tiamatea\/wp-content\/uploads\/2024\/07\/Arevalo_Castillo_01_by-dpc-768x514.jpg 768w, https:\/\/penamora.es\/tiamatea\/wp-content\/uploads\/2024\/07\/Arevalo_Castillo_01_by-dpc-1536x1028.jpg 1536w, https:\/\/penamora.es\/tiamatea\/wp-content\/uploads\/2024\/07\/Arevalo_Castillo_01_by-dpc-2048x1371.jpg 2048w\" sizes=\"auto, (max-width: 1024px) 100vw, 1024px\" \/>\t\t\t\t\t<\/div>\n\t\t\t\t\t\t\t\t<div class=\"hotspot-content\">\n\t\t\t\t\t<p><strong>Arevalo (a 30 km)<\/strong>: Pueblo monumental, muy cerca de Madrigal de las Altas Torres, cuna de Isabel la Cat\u00f3lica. Merece la pena, y el cochinillo asado es grandioso.<\/p>\n<p>Castillo de Ar\u00e9valo<\/p>\n<p><!-- wp:paragraph --> <!-- \/wp:paragraph --> <!-- wp:paragraph --> <!-- \/wp:paragraph --> <!-- wp:paragraph --> <!-- \/wp:paragraph --><\/p>\n<p>El <strong>Castillo de Ar\u00e9valo<\/strong>, tambi\u00e9n conocido como castillo de los Z\u00fa\u00f1iga, es una fortificaci\u00f3n del siglo\u00a0xv, localizada en\u00a0<a href=\"https:\/\/es.wikipedia.org\/wiki\/Ar%C3%A9valo\">Ar\u00e9valo<\/a>, al norte de la\u00a0<a href=\"https:\/\/es.wikipedia.org\/wiki\/Provincia_de_%C3%81vila\">Provincia de \u00c1vila<\/a>.<\/p>\n<p>El centro del pueblo y su muralla, mudejar, merecen la pena.<\/p>\n<p><a href=\"https:\/\/maps.app.goo.gl\/8JLQAnmu211WiwTt7\" target=\"_blank\" rel=\"noopener\"><br \/>\n<button>Como llegar<\/button><br \/>\n<\/a><\/p>\n\t\t\t\t<\/div>\n\t\t\t<\/div>\n\t\t\t\t\t\n\t\t\t\t\t\t<div class=\"hotspot-info \" id=\"hotspot-hotspot-299-6\">\n\t\t\t\t\n\t\t\t\t<h2 class=\"hotspot-title\">Santa Mar\u00eda La Real de Nieva<\/h2>\t\t\t\t\t\t\t\t\t<div class=\"hotspot-thumb\">\n\t\t\t\t\t\t<img loading=\"lazy\" decoding=\"async\" width=\"1024\" height=\"768\" src=\"https:\/\/penamora.es\/tiamatea\/wp-content\/uploads\/2024\/07\/Monasterio_de_Nuestra_Senora_de_la_Soterrana_Santa_Maria_la_Real_de_Nieva-Segovia_-_Claustro-1024x768.jpg\" class=\"attachment-large size-large\" alt=\"\" srcset=\"https:\/\/penamora.es\/tiamatea\/wp-content\/uploads\/2024\/07\/Monasterio_de_Nuestra_Senora_de_la_Soterrana_Santa_Maria_la_Real_de_Nieva-Segovia_-_Claustro-1024x768.jpg 1024w, https:\/\/penamora.es\/tiamatea\/wp-content\/uploads\/2024\/07\/Monasterio_de_Nuestra_Senora_de_la_Soterrana_Santa_Maria_la_Real_de_Nieva-Segovia_-_Claustro-300x225.jpg 300w, https:\/\/penamora.es\/tiamatea\/wp-content\/uploads\/2024\/07\/Monasterio_de_Nuestra_Senora_de_la_Soterrana_Santa_Maria_la_Real_de_Nieva-Segovia_-_Claustro-768x576.jpg 768w, https:\/\/penamora.es\/tiamatea\/wp-content\/uploads\/2024\/07\/Monasterio_de_Nuestra_Senora_de_la_Soterrana_Santa_Maria_la_Real_de_Nieva-Segovia_-_Claustro-1536x1152.jpg 1536w, https:\/\/penamora.es\/tiamatea\/wp-content\/uploads\/2024\/07\/Monasterio_de_Nuestra_Senora_de_la_Soterrana_Santa_Maria_la_Real_de_Nieva-Segovia_-_Claustro-2048x1536.jpg 2048w\" sizes=\"auto, (max-width: 1024px) 100vw, 1024px\" \/>\t\t\t\t\t<\/div>\n\t\t\t\t\t\t\t\t<div class=\"hotspot-content\">\n\t\t\t\t\t<p><strong>Santa Mar\u00eda La Real de Nieva (a 7 km)<\/strong>: Magn\u00edfico claustro. Iglesia de la Soterra\u00f1a.<\/p>\n<p><a href=\"https:\/\/maps.app.goo.gl\/j1KM1nVFr1tDCzm36\" target=\"_blank\" rel=\"noopener\"><br \/>\n<button>Como llegar<\/button><br \/>\n<\/a><\/p>\n\t\t\t\t<\/div>\n\t\t\t<\/div>\n\t\t\t<\/div>\n\n","protected":false},"excerpt":{"rendered":"","protected":false},"author":1,"featured_media":0,"parent":0,"menu_order":0,"comment_status":"closed","ping_status":"closed","template":"","meta":{"footnotes":""},"class_list":["post-16","page","type-page","status-publish","hentry"],"yoast_head":"<!-- This site is optimized with the Yoast SEO plugin v26.7 - https:\/\/yoast.com\/wordpress\/plugins\/seo\/ -->\n<title>EL ENTORNO - La casa de la t\u00eda matea<\/title>\n<meta name=\"robots\" content=\"index, follow, max-snippet:-1, max-image-preview:large, max-video-preview:-1\" \/>\n<link rel=\"canonical\" href=\"https:\/\/penamora.es\/tiamatea\/index.php\/el-entorno\/\" \/>\n<meta property=\"og:locale\" content=\"es_ES\" \/>\n<meta property=\"og:type\" content=\"article\" \/>\n<meta property=\"og:title\" content=\"EL ENTORNO - La casa de la t\u00eda matea\" \/>\n<meta property=\"og:url\" content=\"https:\/\/penamora.es\/tiamatea\/index.php\/el-entorno\/\" \/>\n<meta property=\"og:site_name\" content=\"La casa de la t\u00eda matea\" \/>\n<meta property=\"article:modified_time\" content=\"2024-07-10T17:57:32+00:00\" \/>\n<meta name=\"twitter:card\" content=\"summary_large_image\" \/>\n<script type=\"application\/ld+json\" class=\"yoast-schema-graph\">{\"@context\":\"https:\/\/schema.org\",\"@graph\":[{\"@type\":\"WebPage\",\"@id\":\"https:\/\/penamora.es\/tiamatea\/index.php\/el-entorno\/\",\"url\":\"https:\/\/penamora.es\/tiamatea\/index.php\/el-entorno\/\",\"name\":\"EL ENTORNO - La casa de la t\u00eda matea\",\"isPartOf\":{\"@id\":\"https:\/\/penamora.es\/tiamatea\/#website\"},\"datePublished\":\"2024-07-04T12:21:17+00:00\",\"dateModified\":\"2024-07-10T17:57:32+00:00\",\"breadcrumb\":{\"@id\":\"https:\/\/penamora.es\/tiamatea\/index.php\/el-entorno\/#breadcrumb\"},\"inLanguage\":\"es\",\"potentialAction\":[{\"@type\":\"ReadAction\",\"target\":[\"https:\/\/penamora.es\/tiamatea\/index.php\/el-entorno\/\"]}]},{\"@type\":\"BreadcrumbList\",\"@id\":\"https:\/\/penamora.es\/tiamatea\/index.php\/el-entorno\/#breadcrumb\",\"itemListElement\":[{\"@type\":\"ListItem\",\"position\":1,\"name\":\"Portada\",\"item\":\"https:\/\/penamora.es\/tiamatea\/\"},{\"@type\":\"ListItem\",\"position\":2,\"name\":\"EL ENTORNO\"}]},{\"@type\":\"WebSite\",\"@id\":\"https:\/\/penamora.es\/tiamatea\/#website\",\"url\":\"https:\/\/penamora.es\/tiamatea\/\",\"name\":\"La casa de la t\u00eda matea\",\"description\":\"\",\"potentialAction\":[{\"@type\":\"SearchAction\",\"target\":{\"@type\":\"EntryPoint\",\"urlTemplate\":\"https:\/\/penamora.es\/tiamatea\/?s={search_term_string}\"},\"query-input\":{\"@type\":\"PropertyValueSpecification\",\"valueRequired\":true,\"valueName\":\"search_term_string\"}}],\"inLanguage\":\"es\"}]}<\/script>\n<!-- \/ Yoast SEO plugin. -->","yoast_head_json":{"title":"EL ENTORNO - La casa de la t\u00eda matea","robots":{"index":"index","follow":"follow","max-snippet":"max-snippet:-1","max-image-preview":"max-image-preview:large","max-video-preview":"max-video-preview:-1"},"canonical":"https:\/\/penamora.es\/tiamatea\/index.php\/el-entorno\/","og_locale":"es_ES","og_type":"article","og_title":"EL ENTORNO - La casa de la t\u00eda matea","og_url":"https:\/\/penamora.es\/tiamatea\/index.php\/el-entorno\/","og_site_name":"La casa de la t\u00eda matea","article_modified_time":"2024-07-10T17:57:32+00:00","twitter_card":"summary_large_image","schema":{"@context":"https:\/\/schema.org","@graph":[{"@type":"WebPage","@id":"https:\/\/penamora.es\/tiamatea\/index.php\/el-entorno\/","url":"https:\/\/penamora.es\/tiamatea\/index.php\/el-entorno\/","name":"EL ENTORNO - La casa de la t\u00eda matea","isPartOf":{"@id":"https:\/\/penamora.es\/tiamatea\/#website"},"datePublished":"2024-07-04T12:21:17+00:00","dateModified":"2024-07-10T17:57:32+00:00","breadcrumb":{"@id":"https:\/\/penamora.es\/tiamatea\/index.php\/el-entorno\/#breadcrumb"},"inLanguage":"es","potentialAction":[{"@type":"ReadAction","target":["https:\/\/penamora.es\/tiamatea\/index.php\/el-entorno\/"]}]},{"@type":"BreadcrumbList","@id":"https:\/\/penamora.es\/tiamatea\/index.php\/el-entorno\/#breadcrumb","itemListElement":[{"@type":"ListItem","position":1,"name":"Portada","item":"https:\/\/penamora.es\/tiamatea\/"},{"@type":"ListItem","position":2,"name":"EL ENTORNO"}]},{"@type":"WebSite","@id":"https:\/\/penamora.es\/tiamatea\/#website","url":"https:\/\/penamora.es\/tiamatea\/","name":"La casa de la t\u00eda matea","description":"","potentialAction":[{"@type":"SearchAction","target":{"@type":"EntryPoint","urlTemplate":"https:\/\/penamora.es\/tiamatea\/?s={search_term_string}"},"query-input":{"@type":"PropertyValueSpecification","valueRequired":true,"valueName":"search_term_string"}}],"inLanguage":"es"}]}},"_links":{"self":[{"href":"https:\/\/penamora.es\/tiamatea\/index.php\/wp-json\/wp\/v2\/pages\/16","targetHints":{"allow":["GET"]}}],"collection":[{"href":"https:\/\/penamora.es\/tiamatea\/index.php\/wp-json\/wp\/v2\/pages"}],"about":[{"href":"https:\/\/penamora.es\/tiamatea\/index.php\/wp-json\/wp\/v2\/types\/page"}],"author":[{"embeddable":true,"href":"https:\/\/penamora.es\/tiamatea\/index.php\/wp-json\/wp\/v2\/users\/1"}],"replies":[{"embeddable":true,"href":"https:\/\/penamora.es\/tiamatea\/index.php\/wp-json\/wp\/v2\/comments?post=16"}],"version-history":[{"count":10,"href":"https:\/\/penamora.es\/tiamatea\/index.php\/wp-json\/wp\/v2\/pages\/16\/revisions"}],"predecessor-version":[{"id":512,"href":"https:\/\/penamora.es\/tiamatea\/index.php\/wp-json\/wp\/v2\/pages\/16\/revisions\/512"}],"wp:attachment":[{"href":"https:\/\/penamora.es\/tiamatea\/index.php\/wp-json\/wp\/v2\/media?parent=16"}],"curies":[{"name":"wp","href":"https:\/\/api.w.org\/{rel}","templated":true}]}}