{"id":18,"date":"2024-07-04T12:21:43","date_gmt":"2024-07-04T12:21:43","guid":{"rendered":"https:\/\/penamora.es\/tiamatea\/?page_id=18"},"modified":"2025-10-24T10:27:14","modified_gmt":"2025-10-24T10:27:14","slug":"contacto","status":"publish","type":"page","link":"https:\/\/penamora.es\/tiamatea\/index.php\/contacto\/","title":{"rendered":"CONTACTO"},"content":{"rendered":"\n<div class=\"wp-block-buttons is-content-justification-center is-layout-flex wp-container-core-buttons-is-layout-31558199 wp-block-buttons-is-layout-flex\" style=\"margin-top:var(--wp--preset--spacing--70);margin-bottom:var(--wp--preset--spacing--70)\">\n<div class=\"wp-block-button is-style-outline is-style-outline--1\"><a class=\"wp-block-button__link has-white-color has-custom-color-2-background-color has-text-color has-background has-link-color has-large-font-size has-text-align-center has-custom-font-size wp-element-button\" href=\"https:\/\/penamora.es\/tiamatea\/index.php\/reservar-la-casa-de-la-tia-matea\/\" style=\"border-style:none;border-width:0px;border-radius:9px;padding-top:var(--wp--preset--spacing--40);padding-right:var(--wp--preset--spacing--70);padding-bottom:var(--wp--preset--spacing--40);padding-left:var(--wp--preset--spacing--70)\" target=\"_blank\" rel=\"noreferrer noopener\">LINK A RESERVAS<\/a><\/div>\n<\/div>\n\n\n\n<div class=\"wp-block-columns is-layout-flex wp-container-core-columns-is-layout-f20ae673 wp-block-columns-is-layout-flex\" style=\"margin-top:0;margin-bottom:0\">\n<div class=\"wp-block-column is-layout-flow wp-container-core-column-is-layout-a389de82 wp-block-column-is-layout-flow\" style=\"padding-top:var(--wp--preset--spacing--20);padding-bottom:var(--wp--preset--spacing--20)\">\n<div class=\"wp-block-contact-form-7-contact-form-selector\">\n<div class=\"wpcf7 no-js\" id=\"wpcf7-f5-o1\" lang=\"es-ES\" dir=\"ltr\" data-wpcf7-id=\"5\">\n<div class=\"screen-reader-response\"><p role=\"status\" aria-live=\"polite\" aria-atomic=\"true\"><\/p> <ul><\/ul><\/div>\n<form action=\"\/tiamatea\/index.php\/wp-json\/wp\/v2\/pages\/18#wpcf7-f5-o1\" method=\"post\" class=\"wpcf7-form init\" aria-label=\"Formulario de contacto\" novalidate=\"novalidate\" data-status=\"init\">\n<fieldset class=\"hidden-fields-container\"><input type=\"hidden\" name=\"_wpcf7\" value=\"5\" \/><input type=\"hidden\" name=\"_wpcf7_version\" value=\"6.1.5\" \/><input type=\"hidden\" name=\"_wpcf7_locale\" value=\"es_ES\" \/><input type=\"hidden\" name=\"_wpcf7_unit_tag\" value=\"wpcf7-f5-o1\" \/><input type=\"hidden\" name=\"_wpcf7_container_post\" value=\"0\" \/><input type=\"hidden\" name=\"_wpcf7_posted_data_hash\" value=\"\" \/>\n<\/fieldset>\n<p><label> Tu nombre<br \/>\n<span class=\"wpcf7-form-control-wrap\" data-name=\"nombre\"><input size=\"40\" maxlength=\"400\" class=\"wpcf7-form-control wpcf7-text wpcf7-validates-as-required\" aria-required=\"true\" aria-invalid=\"false\" placeholder=\"Escribe tu nombre\" value=\"\" type=\"text\" name=\"nombre\" \/><\/span> <\/label>\n<\/p>\n<p><label> Tu correo electr\u00f3nico<br \/>\n<span class=\"wpcf7-form-control-wrap\" data-name=\"your-email\"><input size=\"40\" maxlength=\"400\" class=\"wpcf7-form-control wpcf7-email wpcf7-validates-as-required wpcf7-text wpcf7-validates-as-email\" autocomplete=\"email\" aria-required=\"true\" aria-invalid=\"false\" placeholder=\"Escribe tu email\" value=\"\" type=\"email\" name=\"your-email\" \/><\/span> <\/label>\n<\/p>\n<p><label> Asunto<br \/>\n<span class=\"wpcf7-form-control-wrap\" data-name=\"your-subject\"><input size=\"40\" maxlength=\"400\" class=\"wpcf7-form-control wpcf7-text wpcf7-validates-as-required\" aria-required=\"true\" aria-invalid=\"false\" placeholder=\"Escribe tu asunto\" value=\"\" type=\"text\" name=\"your-subject\" \/><\/span> <\/label>\n<\/p>\n<p><label> Tu mensaje<br \/>\n<span class=\"wpcf7-form-control-wrap\" data-name=\"your-message\"><textarea cols=\"40\" rows=\"10\" maxlength=\"2000\" class=\"wpcf7-form-control wpcf7-textarea wpcf7-validates-as-required\" aria-required=\"true\" aria-invalid=\"false\" placeholder=\"Escribe tu mensaje\" name=\"your-message\"><\/textarea><\/span> <\/label><br \/>\n<label><span class=\"wpcf7-form-control-wrap\" data-name=\"quiz-393\"><label><span class=\"wpcf7-quiz-label\">\u00bfCuanto es 4+6?<\/span> <input size=\"40\" class=\"wpcf7-form-control wpcf7-quiz\" autocomplete=\"off\" aria-required=\"true\" aria-invalid=\"false\" type=\"text\" name=\"quiz-393\" \/><\/label><input type=\"hidden\" name=\"_wpcf7_quiz_answer_quiz-393\" value=\"17442d7f6a8fc7bfd277719ba6bc45d6\" \/><\/span><\/label>\n<\/p>\n<p><input class=\"wpcf7-form-control wpcf7-submit has-spinner\" type=\"submit\" value=\"Enviar\" \/>\n<\/p><p style=\"display: none !important;\" class=\"akismet-fields-container\" data-prefix=\"_wpcf7_ak_\"><label>&#916;<textarea name=\"_wpcf7_ak_hp_textarea\" cols=\"45\" rows=\"8\" maxlength=\"100\"><\/textarea><\/label><input type=\"hidden\" id=\"ak_js_1\" name=\"_wpcf7_ak_js\" value=\"241\"\/><script>document.getElementById( \"ak_js_1\" ).setAttribute( \"value\", ( new Date() ).getTime() );<\/script><\/p><div class=\"wpcf7-response-output\" aria-hidden=\"true\"><\/div>\n<\/form>\n<\/div>\n<\/div>\n\n\n\n<hr class=\"wp-block-separator aligncenter has-alpha-channel-opacity is-style-default\" style=\"margin-top:var(--wp--preset--spacing--60);margin-bottom:var(--wp--preset--spacing--60)\"\/>\n\n\n\n<figure class=\"wp-block-image size-full is-resized has-custom-border wp-duotone-rgb11610378-rgb255255255-2\"><img loading=\"lazy\" decoding=\"async\" width=\"500\" height=\"334\" src=\"https:\/\/penamora.es\/tiamatea\/wp-content\/uploads\/2024\/07\/8-1.jpg\" alt=\"\" class=\"has-border-color wp-image-219\" style=\"border-color:#b3b78d;border-width:8px;border-radius:0px;width:453px;height:auto\" srcset=\"https:\/\/penamora.es\/tiamatea\/wp-content\/uploads\/2024\/07\/8-1.jpg 500w, https:\/\/penamora.es\/tiamatea\/wp-content\/uploads\/2024\/07\/8-1-300x200.jpg 300w\" sizes=\"auto, (max-width: 500px) 100vw, 500px\" \/><\/figure>\n<\/div>\n\n\n\n<div class=\"wp-block-column is-layout-flow wp-container-core-column-is-layout-b2a27621 wp-block-column-is-layout-flow\" style=\"padding-top:0;padding-right:0;padding-bottom:0;padding-left:0\">\n<iframe src=\"https:\/\/www.google.com\/maps\/embed?pb=!1m18!1m12!1m3!1d3005.6000439056356!2d-4.368061889239697!3d41.121425212332035!2m3!1f0!2f0!3f0!3m2!1i1024!2i768!4f13.1!3m3!1m2!1s0xd412a28ecb36b3b%3A0xae920983f0746bae!2sLa%20Casa%20de%20la%20T%C3%ADa%20Matea!5e0!3m2!1ses!2ses!4v1720115727152!5m2!1ses!2ses\" width=\"400\" height=\"400\" style=\"border:0;\" allowfullscreen=\"\" loading=\"lazy\" referrerpolicy=\"no-referrer-when-downgrade\"><\/iframe>\n\n\n\n<p><\/p>\n\n\n\n<h2 class=\"wp-block-heading has-text-align-center has-custom-color-2-color has-text-color has-link-color wp-elements-ecec529073dc2285890529dfe0328232\" style=\"margin-top:var(--wp--preset--spacing--40);margin-bottom:var(--wp--preset--spacing--40)\"><strong>INDICACIONES<\/strong><\/h2>\n\n\n\n<p><\/p>\n\n\n\n<p><\/p>\n\n\n\n<p><strong>Direcci\u00f3n:&nbsp;<\/strong>Nava, 7 &#8211;&nbsp;<a href=\"https:\/\/www.escapadarural.com\/casas-rurales\/miguelanez\">Miguel\u00e1\u00f1ez<\/a>&nbsp;(<a href=\"https:\/\/www.escapadarural.com\/casas-rurales\/segovia\">Segovia<\/a>)<\/p>\n\n\n\n<p><strong>Coordenadas:&nbsp;<\/strong><\/p>\n\n\n\n<p><strong><em>   Latitud<\/em> <\/strong>41.121637024671 &#8211; <strong><em>Longitud<\/em> <\/strong>-4.365274748688<\/p>\n\n\n\n<p><strong>Aclaraciones:<\/strong><\/p>\n\n\n\n<p class=\"has-black-color has-text-color has-link-color wp-elements-3fdb45022ec2dd6be4359176518150f6\"><strong>1. <\/strong>Sal\u00eds de madrid por la a-6, y tras el t\u00fanel de guadarrama cog\u00e9is la ap-61, que abandon\u00e1is en la salida que pone otero de herreros<\/p>\n\n\n\n<p class=\"has-black-color has-text-color has-link-color wp-elements-f92e711837037c60e8fa989f74b0a695\"><strong>2. <\/strong>Tras abandonar la autopista, gir\u00e1is a la izquierda, direcci\u00f3n segovia, por la n-603. En la primera rotonda, tom\u00e1is la salida de la carretera que pone sg-722, direcci\u00f3n vegas de matute<\/p>\n\n\n\n<p class=\"has-black-color has-text-color has-link-color wp-elements-dfca6ddf6596b917530789b87c53dce5\"><strong>3.<\/strong> Atenci\u00f3n!!!: seguid recto por esta carretera, que se convierte, sin darse cuenta uno en la sg 723. No tomeis el desv\u00edo a vegas de matute<\/p>\n\n\n\n<p class=\"has-black-color has-text-color has-link-color wp-elements-c83d3bc6780166e04f031cf8bf61b297\"><strong>4. <\/strong>De acuerdo, seguimos avanzando, y como a unos 7 km nos cruzamos con la n-110. Cruzamos esta carretera (con cuidado) y seguimos direcci\u00f3n abades<\/p>\n\n\n\n<p class=\"has-black-color has-text-color has-link-color wp-elements-b3cf4f5e91e1d40bc9b67ebd1edd23d3\"><strong>5. <\/strong>Cruzamos abades, y seguimos recto, hacia mart\u00edn miguel, que dejaremos a la izquierda, y garcill\u00e1n, donde muere esta carretera en una incorporaci\u00f3n a la cl-605, que tomareis hacia la izquierda, direcci\u00f3n santa mar\u00eda la real de nieva<\/p>\n\n\n\n<p class=\"has-black-color has-text-color has-link-color wp-elements-b08ce60df0a143e0decb7c66772fedf8\"><strong>6. <\/strong>Cuando llegu\u00e9is a santa mar\u00eda, y tras pasar el sem\u00e1foro que siempre (es un misterio) est\u00e1 en rojo, en la plaza del pueblo gir\u00e1is a la derecha, direcci\u00f3n ortigosa de pesta\u00f1o y miguela\u00f1ez<\/p>\n\n\n\n<p class=\"has-black-color has-text-color has-link-color wp-elements-f1f8769b984b9f2ba977ec0fcc531bb2\"><strong>7. <\/strong>Atraves\u00e1is ortigosa de pesta\u00f1o, seguid todo recto (no desviarse a miguel iba\u00f1ez), y como a 5 km de ortigosa lleg\u00e1is a miguela\u00f1ez<\/p>\n\n\n\n<p class=\"has-black-color has-text-color has-link-color wp-elements-2a8ec5c8f2238ae00472c0cb8656f3fe\"><strong>8. <\/strong>Segu\u00eds por la misma carreta, que atraviesa el pueblo, donde ver\u00e9is una calle estrecha que sale a la izquierda que pone nava de la asunci\u00f3n. No la tom\u00e1is, segu\u00eds, y cuando casi a la salida del pueblo veis a mano izquierda otra calle m\u00e1s ancha que la anterior que tambi\u00e9n pone nava de la asunci\u00f3n, esta vez si la tom\u00e1is, y gir\u00e1is inmediatamente a la izquierda otra vez por la primera boca calle. Llegareis justo a la parte de atr\u00e1s de la iglesia, donde ver\u00e9is una casa de piedra grande, no tiene p\u00e9rdida, situada a espaldas de la iglesia. Hab\u00e9is llegado!!<\/p>\n<\/div>\n<\/div>\n","protected":false},"excerpt":{"rendered":"<p>INDICACIONES Direcci\u00f3n:&nbsp;Nava, 7 &#8211;&nbsp;Miguel\u00e1\u00f1ez&nbsp;(Segovia) Coordenadas:&nbsp; Latitud 41.121637024671 &#8211; Longitud -4.365274748688 Aclaraciones: 1. Sal\u00eds de madrid por la a-6, y tras el t\u00fanel de guadarrama cog\u00e9is la ap-61, que abandon\u00e1is en la salida que pone otero de herreros 2. Tras abandonar la autopista, gir\u00e1is a la izquierda, direcci\u00f3n segovia, por la n-603. En la primera rotonda, [&hellip;]<\/p>\n","protected":false},"author":1,"featured_media":0,"parent":0,"menu_order":0,"comment_status":"closed","ping_status":"closed","template":"","meta":{"footnotes":""},"class_list":["post-18","page","type-page","status-publish","hentry"],"yoast_head":"<!-- This site is optimized with the Yoast SEO plugin v26.7 - https:\/\/yoast.com\/wordpress\/plugins\/seo\/ -->\n<title>CONTACTO - La casa de la t\u00eda matea<\/title>\n<meta name=\"robots\" content=\"index, follow, max-snippet:-1, max-image-preview:large, max-video-preview:-1\" \/>\n<link rel=\"canonical\" href=\"https:\/\/penamora.es\/tiamatea\/index.php\/contacto\/\" \/>\n<meta property=\"og:locale\" content=\"es_ES\" \/>\n<meta property=\"og:type\" content=\"article\" \/>\n<meta property=\"og:title\" content=\"CONTACTO - La casa de la t\u00eda matea\" \/>\n<meta property=\"og:description\" content=\"INDICACIONES Direcci\u00f3n:&nbsp;Nava, 7 &#8211;&nbsp;Miguel\u00e1\u00f1ez&nbsp;(Segovia) Coordenadas:&nbsp; Latitud 41.121637024671 &#8211; Longitud -4.365274748688 Aclaraciones: 1. Sal\u00eds de madrid por la a-6, y tras el t\u00fanel de guadarrama cog\u00e9is la ap-61, que abandon\u00e1is en la salida que pone otero de herreros 2. Tras abandonar la autopista, gir\u00e1is a la izquierda, direcci\u00f3n segovia, por la n-603. En la primera rotonda, [&hellip;]\" \/>\n<meta property=\"og:url\" content=\"https:\/\/penamora.es\/tiamatea\/index.php\/contacto\/\" \/>\n<meta property=\"og:site_name\" content=\"La casa de la t\u00eda matea\" \/>\n<meta property=\"article:modified_time\" content=\"2025-10-24T10:27:14+00:00\" \/>\n<meta property=\"og:image\" content=\"https:\/\/penamora.es\/tiamatea\/wp-content\/uploads\/2024\/07\/8-1.jpg\" \/>\n\t<meta property=\"og:image:width\" content=\"500\" \/>\n\t<meta property=\"og:image:height\" content=\"334\" \/>\n\t<meta property=\"og:image:type\" content=\"image\/jpeg\" \/>\n<meta name=\"twitter:card\" content=\"summary_large_image\" \/>\n<meta name=\"twitter:label1\" content=\"Tiempo de lectura\" \/>\n\t<meta name=\"twitter:data1\" content=\"2 minutos\" \/>\n<script type=\"application\/ld+json\" class=\"yoast-schema-graph\">{\"@context\":\"https:\/\/schema.org\",\"@graph\":[{\"@type\":\"WebPage\",\"@id\":\"https:\/\/penamora.es\/tiamatea\/index.php\/contacto\/\",\"url\":\"https:\/\/penamora.es\/tiamatea\/index.php\/contacto\/\",\"name\":\"CONTACTO - La casa de la t\u00eda matea\",\"isPartOf\":{\"@id\":\"https:\/\/penamora.es\/tiamatea\/#website\"},\"primaryImageOfPage\":{\"@id\":\"https:\/\/penamora.es\/tiamatea\/index.php\/contacto\/#primaryimage\"},\"image\":{\"@id\":\"https:\/\/penamora.es\/tiamatea\/index.php\/contacto\/#primaryimage\"},\"thumbnailUrl\":\"https:\/\/penamora.es\/tiamatea\/wp-content\/uploads\/2024\/07\/8-1.jpg\",\"datePublished\":\"2024-07-04T12:21:43+00:00\",\"dateModified\":\"2025-10-24T10:27:14+00:00\",\"breadcrumb\":{\"@id\":\"https:\/\/penamora.es\/tiamatea\/index.php\/contacto\/#breadcrumb\"},\"inLanguage\":\"es\",\"potentialAction\":[{\"@type\":\"ReadAction\",\"target\":[\"https:\/\/penamora.es\/tiamatea\/index.php\/contacto\/\"]}]},{\"@type\":\"ImageObject\",\"inLanguage\":\"es\",\"@id\":\"https:\/\/penamora.es\/tiamatea\/index.php\/contacto\/#primaryimage\",\"url\":\"https:\/\/penamora.es\/tiamatea\/wp-content\/uploads\/2024\/07\/8-1.jpg\",\"contentUrl\":\"https:\/\/penamora.es\/tiamatea\/wp-content\/uploads\/2024\/07\/8-1.jpg\",\"width\":500,\"height\":334},{\"@type\":\"BreadcrumbList\",\"@id\":\"https:\/\/penamora.es\/tiamatea\/index.php\/contacto\/#breadcrumb\",\"itemListElement\":[{\"@type\":\"ListItem\",\"position\":1,\"name\":\"Portada\",\"item\":\"https:\/\/penamora.es\/tiamatea\/\"},{\"@type\":\"ListItem\",\"position\":2,\"name\":\"CONTACTO\"}]},{\"@type\":\"WebSite\",\"@id\":\"https:\/\/penamora.es\/tiamatea\/#website\",\"url\":\"https:\/\/penamora.es\/tiamatea\/\",\"name\":\"La casa de la t\u00eda matea\",\"description\":\"\",\"potentialAction\":[{\"@type\":\"SearchAction\",\"target\":{\"@type\":\"EntryPoint\",\"urlTemplate\":\"https:\/\/penamora.es\/tiamatea\/?s={search_term_string}\"},\"query-input\":{\"@type\":\"PropertyValueSpecification\",\"valueRequired\":true,\"valueName\":\"search_term_string\"}}],\"inLanguage\":\"es\"}]}<\/script>\n<!-- \/ Yoast SEO plugin. -->","yoast_head_json":{"title":"CONTACTO - La casa de la t\u00eda matea","robots":{"index":"index","follow":"follow","max-snippet":"max-snippet:-1","max-image-preview":"max-image-preview:large","max-video-preview":"max-video-preview:-1"},"canonical":"https:\/\/penamora.es\/tiamatea\/index.php\/contacto\/","og_locale":"es_ES","og_type":"article","og_title":"CONTACTO - La casa de la t\u00eda matea","og_description":"INDICACIONES Direcci\u00f3n:&nbsp;Nava, 7 &#8211;&nbsp;Miguel\u00e1\u00f1ez&nbsp;(Segovia) Coordenadas:&nbsp; Latitud 41.121637024671 &#8211; Longitud -4.365274748688 Aclaraciones: 1. Sal\u00eds de madrid por la a-6, y tras el t\u00fanel de guadarrama cog\u00e9is la ap-61, que abandon\u00e1is en la salida que pone otero de herreros 2. Tras abandonar la autopista, gir\u00e1is a la izquierda, direcci\u00f3n segovia, por la n-603. En la primera rotonda, [&hellip;]","og_url":"https:\/\/penamora.es\/tiamatea\/index.php\/contacto\/","og_site_name":"La casa de la t\u00eda matea","article_modified_time":"2025-10-24T10:27:14+00:00","og_image":[{"width":500,"height":334,"url":"https:\/\/penamora.es\/tiamatea\/wp-content\/uploads\/2024\/07\/8-1.jpg","type":"image\/jpeg"}],"twitter_card":"summary_large_image","twitter_misc":{"Tiempo de lectura":"2 minutos"},"schema":{"@context":"https:\/\/schema.org","@graph":[{"@type":"WebPage","@id":"https:\/\/penamora.es\/tiamatea\/index.php\/contacto\/","url":"https:\/\/penamora.es\/tiamatea\/index.php\/contacto\/","name":"CONTACTO - La casa de la t\u00eda matea","isPartOf":{"@id":"https:\/\/penamora.es\/tiamatea\/#website"},"primaryImageOfPage":{"@id":"https:\/\/penamora.es\/tiamatea\/index.php\/contacto\/#primaryimage"},"image":{"@id":"https:\/\/penamora.es\/tiamatea\/index.php\/contacto\/#primaryimage"},"thumbnailUrl":"https:\/\/penamora.es\/tiamatea\/wp-content\/uploads\/2024\/07\/8-1.jpg","datePublished":"2024-07-04T12:21:43+00:00","dateModified":"2025-10-24T10:27:14+00:00","breadcrumb":{"@id":"https:\/\/penamora.es\/tiamatea\/index.php\/contacto\/#breadcrumb"},"inLanguage":"es","potentialAction":[{"@type":"ReadAction","target":["https:\/\/penamora.es\/tiamatea\/index.php\/contacto\/"]}]},{"@type":"ImageObject","inLanguage":"es","@id":"https:\/\/penamora.es\/tiamatea\/index.php\/contacto\/#primaryimage","url":"https:\/\/penamora.es\/tiamatea\/wp-content\/uploads\/2024\/07\/8-1.jpg","contentUrl":"https:\/\/penamora.es\/tiamatea\/wp-content\/uploads\/2024\/07\/8-1.jpg","width":500,"height":334},{"@type":"BreadcrumbList","@id":"https:\/\/penamora.es\/tiamatea\/index.php\/contacto\/#breadcrumb","itemListElement":[{"@type":"ListItem","position":1,"name":"Portada","item":"https:\/\/penamora.es\/tiamatea\/"},{"@type":"ListItem","position":2,"name":"CONTACTO"}]},{"@type":"WebSite","@id":"https:\/\/penamora.es\/tiamatea\/#website","url":"https:\/\/penamora.es\/tiamatea\/","name":"La casa de la t\u00eda matea","description":"","potentialAction":[{"@type":"SearchAction","target":{"@type":"EntryPoint","urlTemplate":"https:\/\/penamora.es\/tiamatea\/?s={search_term_string}"},"query-input":{"@type":"PropertyValueSpecification","valueRequired":true,"valueName":"search_term_string"}}],"inLanguage":"es"}]}},"_links":{"self":[{"href":"https:\/\/penamora.es\/tiamatea\/index.php\/wp-json\/wp\/v2\/pages\/18","targetHints":{"allow":["GET"]}}],"collection":[{"href":"https:\/\/penamora.es\/tiamatea\/index.php\/wp-json\/wp\/v2\/pages"}],"about":[{"href":"https:\/\/penamora.es\/tiamatea\/index.php\/wp-json\/wp\/v2\/types\/page"}],"author":[{"embeddable":true,"href":"https:\/\/penamora.es\/tiamatea\/index.php\/wp-json\/wp\/v2\/users\/1"}],"replies":[{"embeddable":true,"href":"https:\/\/penamora.es\/tiamatea\/index.php\/wp-json\/wp\/v2\/comments?post=18"}],"version-history":[{"count":40,"href":"https:\/\/penamora.es\/tiamatea\/index.php\/wp-json\/wp\/v2\/pages\/18\/revisions"}],"predecessor-version":[{"id":535,"href":"https:\/\/penamora.es\/tiamatea\/index.php\/wp-json\/wp\/v2\/pages\/18\/revisions\/535"}],"wp:attachment":[{"href":"https:\/\/penamora.es\/tiamatea\/index.php\/wp-json\/wp\/v2\/media?parent=18"}],"curies":[{"name":"wp","href":"https:\/\/api.w.org\/{rel}","templated":true}]}}